{"id":9108,"date":"2026-03-05T09:45:25","date_gmt":"2026-03-05T14:45:25","guid":{"rendered":"https:\/\/creartperu.com\/?page_id=9108"},"modified":"2026-03-06T11:30:47","modified_gmt":"2026-03-06T16:30:47","slug":"nosotros","status":"publish","type":"page","link":"https:\/\/creartperu.com\/?page_id=9108","title":{"rendered":"NOSOTROS"},"content":{"rendered":"<div class=\"wpb-content-wrapper\"><p>[vc_row][vc_column el_class=\u00bbborrarmobile\u00bb offset=\u00bbvc_hidden-sm vc_hidden-xs\u00bb _et_uniqid=\u00bbet_custom_uniqid_new_69a9c8c4e60ee\u00bb]\n\t\t\t<!-- START Slider 2 REVOLUTION SLIDER 6.7.40 --><p class=\"rs-p-wp-fix\"><\/p>\n\t\t\t<rs-module-wrap id=\"rev_slider_6_1_wrapper\" data-source=\"gallery\" style=\"visibility:hidden;background:transparent;padding:0;margin:0px auto;margin-top:0;margin-bottom:0;\">\n\t\t\t\t<rs-module id=\"rev_slider_6_1\" style=\"\" data-version=\"6.7.40\">\n\t\t\t\t\t<rs-slides style=\"overflow: hidden; position: absolute;\">\n\t\t\t\t\t\t<rs-slide style=\"position: absolute;\" data-key=\"rs-10\" data-title=\"Slide\" data-in=\"o:0;\" data-out=\"a:false;\">\n\t\t\t\t\t\t\t<img decoding=\"async\" src=\"\/\/creartperu.com\/wp-content\/plugins\/revslider\/sr6\/assets\/assets\/dummy.png\" alt=\"\" title=\"fonodoslidernosotoros\" width=\"1929\" height=\"486\" class=\"rev-slidebg tp-rs-img rs-lazyload\" data-lazyload=\"\/\/creartperu.com\/wp-content\/uploads\/2026\/03\/fonodoslidernosotoros.jpg\" data-no-retina>\n<!--\n\t\t\t\t\t\t\t--><rs-layer\n\t\t\t\t\t\t\t\tid=\"slider-6-slide-10-layer-0\" \n\t\t\t\t\t\t\t\tdata-type=\"image\"\n\t\t\t\t\t\t\t\tdata-rsp_ch=\"on\"\n\t\t\t\t\t\t\t\tdata-xy=\"x:c;yo:85px,85px,85px,128px;\"\n\t\t\t\t\t\t\t\tdata-text=\"w:normal;s:20,20,20,7;l:0,0,0,9;\"\n\t\t\t\t\t\t\t\tdata-dim=\"w:575px,575px,575px,435px;h:84px,84px,84px,64px;\"\n\t\t\t\t\t\t\t\tdata-frame_999=\"o:0;st:w;\"\n\t\t\t\t\t\t\t\tstyle=\"z-index:5;\"\n\t\t\t\t\t\t\t><img decoding=\"async\" src=\"\/\/creartperu.com\/wp-content\/plugins\/revslider\/sr6\/assets\/assets\/dummy.png\" alt=\"\" class=\"tp-rs-img rs-lazyload\" width=\"575\" height=\"84\" data-lazyload=\"\/\/creartperu.com\/wp-content\/uploads\/2026\/03\/SOBRE-NOSOTROS.jpg\" data-no-retina> \n\t\t\t\t\t\t\t<\/rs-layer><!--\n\n\t\t\t\t\t\t\t--><rs-layer\n\t\t\t\t\t\t\t\tid=\"slider-6-slide-10-layer-1\" \n\t\t\t\t\t\t\t\tdata-type=\"image\"\n\t\t\t\t\t\t\t\tdata-rsp_ch=\"on\"\n\t\t\t\t\t\t\t\tdata-xy=\"x:c;xo:0,0,0,-7px;yo:254px,254px,254px,303px;\"\n\t\t\t\t\t\t\t\tdata-text=\"w:normal;s:20,20,20,7;l:0,0,0,9;\"\n\t\t\t\t\t\t\t\tdata-dim=\"w:861px,861px,861px,418px;h:153px,153px,153px,74px;\"\n\t\t\t\t\t\t\t\tdata-vbility=\"t,t,f,f\"\n\t\t\t\t\t\t\t\tdata-frame_999=\"o:0;st:w;\"\n\t\t\t\t\t\t\t\tstyle=\"z-index:6;\"\n\t\t\t\t\t\t\t><img decoding=\"async\" src=\"\/\/creartperu.com\/wp-content\/plugins\/revslider\/sr6\/assets\/assets\/dummy.png\" alt=\"\" class=\"tp-rs-img rs-lazyload\" width=\"1148\" height=\"204\" data-lazyload=\"\/\/creartperu.com\/wp-content\/uploads\/2026\/03\/AN-CREART-NOSOTROS.png\" data-no-retina> \n\t\t\t\t\t\t\t<\/rs-layer><!--\n\n\t\t\t\t\t\t\t--><rs-layer\n\t\t\t\t\t\t\t\tid=\"slider-6-slide-10-layer-2\" \n\t\t\t\t\t\t\t\tdata-type=\"image\"\n\t\t\t\t\t\t\t\tdata-rsp_ch=\"on\"\n\t\t\t\t\t\t\t\tdata-xy=\"xo:50px,50px,50px,-7px;yo:333px,333px,333px,316px;\"\n\t\t\t\t\t\t\t\tdata-text=\"w:normal;s:20,20,20,7;l:0,0,0,9;\"\n\t\t\t\t\t\t\t\tdata-dim=\"w:300px,300px,300px,489px;h:180px,180px,180px,253px;\"\n\t\t\t\t\t\t\t\tdata-vbility=\"f,f,t,t\"\n\t\t\t\t\t\t\t\tdata-frame_999=\"o:0;st:w;\"\n\t\t\t\t\t\t\t\tstyle=\"z-index:7;\"\n\t\t\t\t\t\t\t><img decoding=\"async\" src=\"\/\/creartperu.com\/wp-content\/plugins\/revslider\/sr6\/assets\/assets\/dummy.png\" alt=\"\" class=\"tp-rs-img rs-lazyload\" width=\"579\" height=\"299\" data-lazyload=\"\/\/creartperu.com\/wp-content\/uploads\/2026\/03\/textosombra2.png\" data-no-retina> \n\t\t\t\t\t\t\t<\/rs-layer><!--\n-->\t\t\t\t\t<\/rs-slide>\n\t\t\t\t\t<\/rs-slides>\n\t\t\t\t<\/rs-module>\n\t\t\t\t<script>\n\t\t\t\t\tsetREVStartSize({c: 'rev_slider_6_1',rl:[1240,1240,1240,480],el:[500,500,500,720],gw:[1240,1240,1240,480],gh:[500,500,500,720],type:'standard',justify:'',layout:'fullwidth',mh:\"0\"});if (window.RS_MODULES!==undefined && window.RS_MODULES.modules!==undefined && window.RS_MODULES.modules[\"revslider61\"]!==undefined) {window.RS_MODULES.modules[\"revslider61\"].once = false;window.revapi6 = undefined;if (window.RS_MODULES.checkMinimal!==undefined) window.RS_MODULES.checkMinimal()}\n\t\t\t\t<\/script>\n\t\t\t<\/rs-module-wrap>\n\t\t\t<!-- END REVOLUTION SLIDER -->\n[\/vc_column][\/vc_row][vc_row css=\u00bb.vc_custom_1772734677246{margin-top: 50px !important;}\u00bb _et_uniqid=\u00bbet_custom_uniqid_new_69a9c8d15f03e\u00bb el_class=\u00bbborrarmobile\u00bb][vc_column el_class=\u00bbborrarmobile\u00bb _et_uniqid=\u00bbet_custom_uniqid_new_69a9c8cda8b6a\u00bb][vc_row_inner][vc_column_inner width=\u00bb1\/2&#8243;][vc_single_image image=\u00bb9115&#8243; img_size=\u00bbfull\u00bb css_animation=\u00bbzoomIn\u00bb css=\u00bb\u00bb][vc_column_text css_animation=\u00bbleft-to-right\u00bb css=\u00bb\u00bb]<\/p>\n<div style=\"position: relative; max-width: 550px; padding: 40px; font-family: 'Montserrat', 'Segoe UI', Roboto, Helvetica, Arial, sans-serif; background-color: transparent; box-sizing: border-box;\">\n<p>&nbsp;<\/p>\n<div style=\"margin-bottom: 20px;\">\n<h2 style=\"color: #ff1200; font-size: 36px; font-weight: bold; margin: 0; line-height: 1.1; letter-spacing: -0.5px;\">Ofrecemos<\/h2>\n<h1 style=\"color: #28347c; font-size: 68px; font-weight: 900; margin: 0; line-height: 1; letter-spacing: -1.5px; text-transform: uppercase;\">AMBIente<\/h1>\n<\/div>\n<p style=\"color: #000000; font-size: 20px; font-weight: bold; line-height: 1.3; margin: 0 0 15px 0; white-space: nowrap;\">Creamos espacios modernos, funcionales y<br \/>\nest\u00e9ticamente equilibrados, dise\u00f1ados para<br \/>\nadaptarse a tu estilo y potenciar cada<br \/>\nmetro cuadrado con orden, armon\u00eda y<br \/>\npersonalidad.<\/p>\n<p style=\"color: #000000; font-size: 20px; font-weight: 600; line-height: 1.4; margin: 0; white-space: nowrap;\">\n<\/div>\n<p>[\/vc_column_text][\/vc_column_inner][vc_column_inner width=\u00bb1\/2&#8243;][vc_single_image image=\u00bb9116&#8243; img_size=\u00bbfull\u00bb css_animation=\u00bbzoomIn\u00bb css=\u00bb\u00bb][vc_column_text css_animation=\u00bbright-to-left\u00bb css=\u00bb\u00bb]<\/p>\n<div style=\"position: relative; max-width: 550px; padding: 40px; font-family: 'Montserrat', 'Segoe UI', Roboto, Helvetica, Arial, sans-serif; background-color: transparent; box-sizing: border-box;\">\n<p>&nbsp;<\/p>\n<div style=\"margin-bottom: 20px;\">\n<h2 style=\"color: #ff1200; font-size: 36px; font-weight: bold; margin: 0; line-height: 1.1; letter-spacing: -0.5px;\">Ofrecemos<\/h2>\n<h1 style=\"color: #28347c; font-size: 68px; font-weight: 900; margin: 0; line-height: 1; letter-spacing: -1.5px; text-transform: uppercase;\">EXPERIENCIA<\/h1>\n<\/div>\n<p style=\"color: #000000; font-size: 20px; font-weight: bold; line-height: 1.3; margin: 0 0 15px 0; white-space: nowrap;\">Te acompa\u00f1amos en cada etapa del<br \/>\nproyecto con asesor\u00eda especializada,<br \/>\nplanificaci\u00f3n estrat\u00e9gica y ejecuci\u00f3n<br \/>\nprofesional, garantizando un proceso<br \/>\neficiente y resultados de alta calidad.<\/p>\n<p style=\"color: #000000; font-size: 20px; font-weight: 600; line-height: 1.4; margin: 0; white-space: nowrap;\">\n<\/div>\n<p>[\/vc_column_text][\/vc_column_inner][\/vc_row_inner][\/vc_column][vc_column el_class=\u00bbborrarmobile\u00bb offset=\u00bbvc_hidden-sm vc_hidden-xs\u00bb _et_uniqid=\u00bbet_custom_uniqid_new_69a9c8dd1e92c\u00bb][vc_row_inner][vc_column_inner width=\u00bb1\/3&#8243;][\/vc_column_inner][vc_column_inner width=\u00bb1\/3&#8243;][vc_column_text css_animation=\u00bbfadeInUp\u00bb css=\u00bb\u00bb]<\/p>\n<div style=\"padding: 10px; background: transparent; text-align: center;\"><a style=\"background: #28347C; color: white; width: 219px; height: 45px; ; border: none; font-size: 26px; font-weight: bold; cursor: pointer; box-shadow: 0 4px 6px rgba(0,0,0,0.1); transition: all 0.3s ease; outline: none; display: inline-flex; align-items: center; justify-content: center;\" href=\"https:\/\/api.whatsapp.com\/send?phone=51935110242&amp;text=Hola%20Creart%F0%9F%94%A8%20%2C%20vi%20su%20landing%20page%20y%20quisiera%20comunicarme%20con%20ustedes.&gt;\">CONT\u00c1CTANOS<\/a><\/div>\n<p>[\/vc_column_text][\/vc_column_inner][vc_column_inner width=\u00bb1\/3&#8243;][\/vc_column_inner][\/vc_row_inner][\/vc_column][\/vc_row][vc_row full_width=\u00bbstretch_row_content\u00bb _et_uniqid=\u00bbet_custom_uniqid_new_69a99db68b58f\u00bb][vc_column css=\u00bb.vc_custom_1772734698846{background-color: #092029 !important;background-position: center !important;background-repeat: no-repeat !important;background-size: cover !important;}\u00bb _et_uniqid=\u00bbet_custom_uniqid_new_69a9c8e5c6184&#8243; el_class=\u00bbborrarmobile\u00bb offset=\u00bbvc_hidden-sm vc_hidden-xs\u00bb][\/vc_column][\/vc_row][vc_row full_width=\u00bbstretch_row\u00bb css=\u00bb.vc_custom_1772734753757{padding-bottom: 300px !important;background-image: url(https:\/\/creartperu.com\/wp-content\/uploads\/2026\/03\/fondofinal-1.jpg?id=9122) !important;background-position: center !important;background-repeat: no-repeat !important;background-size: cover !important;}\u00bb _et_uniqid=\u00bbet_custom_uniqid_new_69a9c91dc98bb\u00bb el_class=\u00bbborrarmobile\u00bb][vc_column width=\u00bb1\/2&#8243;][vc_single_image image=\u00bb9119&#8243; img_size=\u00bbfull\u00bb css_animation=\u00bbfadeIn\u00bb css=\u00bb\u00bb][\/vc_column][vc_column width=\u00bb1\/2&#8243;][vc_column_text css_animation=\u00bbright-to-left\u00bb css=\u00bb.vc_custom_1772737146721{margin-top: 150px !important;}\u00bb]<\/p>\n<div style=\"position: relative; max-width: 550px; padding: 40px; font-family: 'Montserrat', 'Segoe UI', Roboto, Helvetica, Arial, sans-serif; background-color: transparent; box-sizing: border-box;\">\n<p>&nbsp;<\/p>\n<div style=\"margin-bottom: 20px;\">\n<h2 style=\"color: #ff1200; font-size: 36px; font-weight: bold; margin: 0; line-height: 1.1; letter-spacing: -0.5px;\">TE OFRECEMOS<\/h2>\n<h1 style=\"color: #28347c; font-size: 68px; font-weight: 900; margin: 0; line-height: 1; letter-spacing: -1.5px; text-transform: uppercase;\">CALIDAD<\/h1>\n<\/div>\n<p style=\"color: #000000; font-size: 20px; font-weight: bold; line-height: 1.3; margin: 0 0 15px 0; white-space: nowrap;\">Trabajamos con materiales seleccionados y<br \/>\nacabados de alto nivel, cuidando cada detalle<br \/>\npara garantizar durabilidad, resistencia y un<br \/>\nresultado final que supere expectativas.<\/p>\n<div style=\"padding: 10px; background: transparent; text-align: center;\"><a href=\"https:\/\/api.whatsapp.com\/send?phone=51935110242&amp;text=Hola%20Creart%F0%9F%94%A8%20%2C%20vi%20su%20landing%20page%20y%20quisiera%20comunicarme%20con%20ustedes.\"><button style=\"background: black; color: white; width: 219px; height: 45px; ; border: none; font-size: 26px; font-weight: bold; cursor: pointer; box-shadow: 0 4px 6px rgba(0,0,0,0.1); transition: all 0.3s ease; outline: none; display: inline-flex; align-items: center; justify-content: center;\">CONT\u00c1CTANOS<\/button><\/a><\/div>\n<p><a href=\"https:\/\/api.whatsapp.com\/send?phone=51935110242&amp;text=Hola%20Creart%F0%9F%94%A8%20%2C%20vi%20su%20landing%20page%20y%20quisiera%20comunicarme%20con%20ustedes.\">\u00a0<\/a><\/p>\n<p>&nbsp;<\/p>\n<\/div>\n<p><a href=\"https:\/\/api.whatsapp.com\/send?phone=51935110242&amp;text=Hola%20Creart%F0%9F%94%A8%20%2C%20vi%20su%20landing%20page%20y%20quisiera%20comunicarme%20con%20ustedes.\"><br \/>\n<\/a>[\/vc_column_text][\/vc_column][\/vc_row][vc_row css=\u00bb.vc_custom_1772814607977{margin-top: -40px !important;}\u00bb _et_uniqid=\u00bbet_custom_uniqid_new_69ab01101d67c\u00bb][vc_column el_class=\u00bbborrarescritorio\u00bb offset=\u00bbvc_hidden-lg vc_hidden-md\u00bb _et_uniqid=\u00bbet_custom_uniqid_new_69a9c8b710b3d\u00bb]\n\t\t\t<!-- START Slider 2 REVOLUTION SLIDER 6.7.40 --><p class=\"rs-p-wp-fix\"><\/p>\n\t\t\t<rs-module-wrap id=\"rev_slider_6_2_wrapper\" data-source=\"gallery\" style=\"visibility:hidden;background:transparent;padding:0;margin:0px auto;margin-top:0;margin-bottom:0;\">\n\t\t\t\t<rs-module id=\"rev_slider_6_2\" style=\"\" data-version=\"6.7.40\">\n\t\t\t\t\t<rs-slides style=\"overflow: hidden; position: absolute;\">\n\t\t\t\t\t\t<rs-slide style=\"position: absolute;\" data-key=\"rs-10\" data-title=\"Slide\" data-in=\"o:0;\" data-out=\"a:false;\">\n\t\t\t\t\t\t\t<img decoding=\"async\" src=\"\/\/creartperu.com\/wp-content\/plugins\/revslider\/sr6\/assets\/assets\/dummy.png\" alt=\"\" title=\"fonodoslidernosotoros\" width=\"1929\" height=\"486\" class=\"rev-slidebg tp-rs-img rs-lazyload\" data-lazyload=\"\/\/creartperu.com\/wp-content\/uploads\/2026\/03\/fonodoslidernosotoros.jpg\" data-no-retina>\n<!--\n\t\t\t\t\t\t\t--><rs-layer\n\t\t\t\t\t\t\t\tid=\"slider-6-slide-10-layer-0\" \n\t\t\t\t\t\t\t\tdata-type=\"image\"\n\t\t\t\t\t\t\t\tdata-rsp_ch=\"on\"\n\t\t\t\t\t\t\t\tdata-xy=\"x:c;yo:85px,85px,85px,128px;\"\n\t\t\t\t\t\t\t\tdata-text=\"w:normal;s:20,20,20,7;l:0,0,0,9;\"\n\t\t\t\t\t\t\t\tdata-dim=\"w:575px,575px,575px,435px;h:84px,84px,84px,64px;\"\n\t\t\t\t\t\t\t\tdata-frame_999=\"o:0;st:w;\"\n\t\t\t\t\t\t\t\tstyle=\"z-index:5;\"\n\t\t\t\t\t\t\t><img decoding=\"async\" src=\"\/\/creartperu.com\/wp-content\/plugins\/revslider\/sr6\/assets\/assets\/dummy.png\" alt=\"\" class=\"tp-rs-img rs-lazyload\" width=\"575\" height=\"84\" data-lazyload=\"\/\/creartperu.com\/wp-content\/uploads\/2026\/03\/SOBRE-NOSOTROS.jpg\" data-no-retina> \n\t\t\t\t\t\t\t<\/rs-layer><!--\n\n\t\t\t\t\t\t\t--><rs-layer\n\t\t\t\t\t\t\t\tid=\"slider-6-slide-10-layer-1\" \n\t\t\t\t\t\t\t\tdata-type=\"image\"\n\t\t\t\t\t\t\t\tdata-rsp_ch=\"on\"\n\t\t\t\t\t\t\t\tdata-xy=\"x:c;xo:0,0,0,-7px;yo:254px,254px,254px,303px;\"\n\t\t\t\t\t\t\t\tdata-text=\"w:normal;s:20,20,20,7;l:0,0,0,9;\"\n\t\t\t\t\t\t\t\tdata-dim=\"w:861px,861px,861px,418px;h:153px,153px,153px,74px;\"\n\t\t\t\t\t\t\t\tdata-vbility=\"t,t,f,f\"\n\t\t\t\t\t\t\t\tdata-frame_999=\"o:0;st:w;\"\n\t\t\t\t\t\t\t\tstyle=\"z-index:6;\"\n\t\t\t\t\t\t\t><img decoding=\"async\" src=\"\/\/creartperu.com\/wp-content\/plugins\/revslider\/sr6\/assets\/assets\/dummy.png\" alt=\"\" class=\"tp-rs-img rs-lazyload\" width=\"1148\" height=\"204\" data-lazyload=\"\/\/creartperu.com\/wp-content\/uploads\/2026\/03\/AN-CREART-NOSOTROS.png\" data-no-retina> \n\t\t\t\t\t\t\t<\/rs-layer><!--\n\n\t\t\t\t\t\t\t--><rs-layer\n\t\t\t\t\t\t\t\tid=\"slider-6-slide-10-layer-2\" \n\t\t\t\t\t\t\t\tdata-type=\"image\"\n\t\t\t\t\t\t\t\tdata-rsp_ch=\"on\"\n\t\t\t\t\t\t\t\tdata-xy=\"xo:50px,50px,50px,-7px;yo:333px,333px,333px,316px;\"\n\t\t\t\t\t\t\t\tdata-text=\"w:normal;s:20,20,20,7;l:0,0,0,9;\"\n\t\t\t\t\t\t\t\tdata-dim=\"w:300px,300px,300px,489px;h:180px,180px,180px,253px;\"\n\t\t\t\t\t\t\t\tdata-vbility=\"f,f,t,t\"\n\t\t\t\t\t\t\t\tdata-frame_999=\"o:0;st:w;\"\n\t\t\t\t\t\t\t\tstyle=\"z-index:7;\"\n\t\t\t\t\t\t\t><img decoding=\"async\" src=\"\/\/creartperu.com\/wp-content\/plugins\/revslider\/sr6\/assets\/assets\/dummy.png\" alt=\"\" class=\"tp-rs-img rs-lazyload\" width=\"579\" height=\"299\" data-lazyload=\"\/\/creartperu.com\/wp-content\/uploads\/2026\/03\/textosombra2.png\" data-no-retina> \n\t\t\t\t\t\t\t<\/rs-layer><!--\n-->\t\t\t\t\t<\/rs-slide>\n\t\t\t\t\t<\/rs-slides>\n\t\t\t\t<\/rs-module>\n\t\t\t\t<script>\n\t\t\t\t\tsetREVStartSize({c: 'rev_slider_6_2',rl:[1240,1240,1240,480],el:[500,500,500,720],gw:[1240,1240,1240,480],gh:[500,500,500,720],type:'standard',justify:'',layout:'fullwidth',mh:\"0\"});if (window.RS_MODULES!==undefined && window.RS_MODULES.modules!==undefined && window.RS_MODULES.modules[\"revslider62\"]!==undefined) {window.RS_MODULES.modules[\"revslider62\"].once = false;window.revapi6_2 = undefined;if (window.RS_MODULES.checkMinimal!==undefined) window.RS_MODULES.checkMinimal()}\n\t\t\t\t<\/script>\n\t\t\t<\/rs-module-wrap>\n\t\t\t<!-- END REVOLUTION SLIDER -->\n[\/vc_column][\/vc_row][vc_row el_class=\u00bbvc_hidden-lg vc_hidden-md\u00bb css=\u00bb.vc_custom_mobile_seccion1{margin-top: 30px !important;}\u00bb][vc_column][vc_single_image image=\u00bb9115&#8243; img_size=\u00bbfull\u00bb alignment=\u00bbcenter\u00bb css=\u00bb.vc_custom_mob_img1{margin-bottom: 15px !important;}\u00bb][vc_column_text]<\/p>\n<div style=\"padding: 20px 15px; font-family: 'Montserrat', 'Segoe UI', Roboto, Helvetica, Arial, sans-serif; text-align: center; box-sizing: border-box;\">\n<div style=\"margin-bottom: 15px;\">\n<h2 style=\"color: #ff1200; font-size: 28px; font-weight: bold; margin: 0; line-height: 1.1; letter-spacing: -0.5px;\">Ofrecemos<\/h2>\n<h1 style=\"color: #28347c; font-size: 46px; font-weight: 900; margin: 0; line-height: 1; letter-spacing: -1px; text-transform: uppercase;\">AMBIente<\/h1>\n<\/div>\n<p style=\"color: #000000; font-size: 16px; font-weight: bold; line-height: 1.4; margin: 0; white-space: normal;\">Creamos espacios modernos, funcionales y est\u00e9ticamente equilibrados, dise\u00f1ados para adaptarse a tu estilo y potenciar cada metro cuadrado con orden, armon\u00eda y personalidad.<\/p>\n<\/div>\n<p>[\/vc_column_text][vc_single_image image=\u00bb9116&#8243; img_size=\u00bbfull\u00bb alignment=\u00bbcenter\u00bb css=\u00bb.vc_custom_mob_img2{margin-top: 20px !important; margin-bottom: 15px !important;}\u00bb][vc_column_text]<\/p>\n<div style=\"padding: 20px 15px; font-family: 'Montserrat', 'Segoe UI', Roboto, Helvetica, Arial, sans-serif; text-align: center; box-sizing: border-box;\">\n<div style=\"margin-bottom: 15px;\">\n<h2 style=\"color: #ff1200; font-size: 28px; font-weight: bold; margin: 0; line-height: 1.1; letter-spacing: -0.5px;\">Ofrecemos<\/h2>\n<h1 style=\"color: #28347c; font-size: 46px; font-weight: 900; margin: 0; line-height: 1; letter-spacing: -1px; text-transform: uppercase;\">EXPERIENCIA<\/h1>\n<\/div>\n<p style=\"color: #000000; font-size: 16px; font-weight: bold; line-height: 1.4; margin: 0; white-space: normal;\">Te acompa\u00f1amos en cada etapa del proyecto con asesor\u00eda especializada, planificaci\u00f3n estrat\u00e9gica y ejecuci\u00f3n profesional, garantizando un proceso eficiente y resultados de alta calidad.<\/p>\n<\/div>\n<p>[\/vc_column_text][vc_column_text css=\u00bb\u00bb]<\/p>\n<div style=\"padding: 20px 10px 40px 10px; background: transparent; text-align: center;\"><a href=\"https:\/\/api.whatsapp.com\/send?phone=51935110242&amp;text=Hola%20Creart%F0%9F%94%A8%20%2C%20vi%20su%20landing%20page%20y%20quisiera%20comunicarme%20con%20ustedes.\"><button style=\"background: #28347C; color: white; width: 100%; max-width: 250px; height: 50px; border: none; font-size: 22px; font-weight: bold; cursor: pointer; box-shadow: 0 4px 6px rgba(0,0,0,0.1); outline: none; border-radius: 5px;\">CONT\u00c1CTANOS<\/button><\/a><\/div>\n<p>[\/vc_column_text][\/vc_column][\/vc_row][vc_row][vc_column][vc_column_text]<\/p>\n<p>[\/vc_column_text][\/vc_column][\/vc_row][vc_row full_width=\u00bbstretch_row_content\u00bb el_class=\u00bbvc_hidden-lg vc_hidden-md\u00bb css=\u00bb.vc_custom_mobile_separador{background-color: #092029 !important; padding-top: 15px !important; padding-bottom: 15px !important;}\u00bb][vc_column][\/vc_column][\/vc_row][vc_row full_width=\u00bbstretch_row\u00bb el_class=\u00bbvc_hidden-lg vc_hidden-md\u00bb css=\u00bb.vc_custom_mobile_seccion_calidad{padding-top: 40px !important; padding-bottom: 60px !important; background-image: url(https:\/\/creartperu.com\/wp-content\/uploads\/2026\/03\/fondofinal-1.jpg?id=9122) !important; background-position: center !important; background-repeat: no-repeat !important; background-size: cover !important;}\u00bb][vc_column][vc_single_image image=\u00bb9119&#8243; img_size=\u00bbfull\u00bb alignment=\u00bbcenter\u00bb][vc_column_text css=\u00bb\u00bb]<\/p>\n<div style=\"padding: 30px 20px; font-family: 'Montserrat', 'Segoe UI', Roboto, Helvetica, Arial, sans-serif; text-align: center; box-sizing: border-box; background: rgba(255, 255, 255, 0.9); border-radius: 15px; margin-top: 15px;\">\n<div style=\"margin-bottom: 15px;\">\n<h2 style=\"color: #ff1200; font-size: 28px; font-weight: bold; margin: 0; line-height: 1.1; letter-spacing: -0.5px;\">TE OFRECEMOS<\/h2>\n<h1 style=\"color: #28347c; font-size: 46px; font-weight: 900; margin: 0; line-height: 1; letter-spacing: -1px; text-transform: uppercase;\">CALIDAD<\/h1>\n<\/div>\n<p style=\"color: #000000; font-size: 16px; font-weight: bold; line-height: 1.4; margin: 0 0 25px 0; white-space: normal;\">Trabajamos con materiales seleccionados y acabados de alto nivel, cuidando cada detalle para garantizar durabilidad, resistencia y un resultado final que supere expectativas.<\/p>\n<div style=\"text-align: center;\"><a href=\"https:\/\/api.whatsapp.com\/send?phone=51935110242&amp;text=Hola%20Creart%F0%9F%94%A8%20%2C%20vi%20su%20landing%20page%20y%20quisiera%20comunicarme%20con%20ustedes.\"><button style=\"background: black; color: white; width: 100%; max-width: 250px; height: 50px; border: none; font-size: 22px; font-weight: bold; cursor: pointer; box-shadow: 0 4px 6px rgba(0,0,0,0.1); outline: none; border-radius: 5px;\">CONT\u00c1CTANOS<\/button><\/a><\/div>\n<\/div>\n<p>[\/vc_column_text][\/vc_column][\/vc_row]<\/p>\n<\/div>","protected":false},"excerpt":{"rendered":"<p>[vc_row][vc_column el_class=\u00bbborrarmobile\u00bb offset=\u00bbvc_hidden-sm vc_hidden-xs\u00bb _et_uniqid=\u00bbet_custom_uniqid_new_69a9c8c4e60ee\u00bb][\/vc_column][\/vc_row][vc_row css=\u00bb.vc_custom_1772734677246{margin-top: 50px !important;}\u00bb _et_uniqid=\u00bbet_custom_uniqid_new_69a9c8d15f03e\u00bb el_class=\u00bbborrarmobile\u00bb][vc_column el_class=\u00bbborrarmobile\u00bb _et_uniqid=\u00bbet_custom_uniqid_new_69a9c8cda8b6a\u00bb][vc_row_inner][vc_column_inner width=\u00bb1\/2&#8243;][vc_single_image image=\u00bb9115&#8243; img_size=\u00bbfull\u00bb css_animation=\u00bbzoomIn\u00bb css=\u00bb\u00bb][vc_column_text css_animation=\u00bbleft-to-right\u00bb css=\u00bb\u00bb] &nbsp; Ofrecemos AMBIente Creamos espacios modernos,&#8230;<\/p>\n","protected":false},"author":1,"featured_media":0,"parent":0,"menu_order":0,"comment_status":"closed","ping_status":"closed","template":"","meta":{"footnotes":""},"class_list":["post-9108","page","type-page","status-publish","hentry"],"_links":{"self":[{"href":"https:\/\/creartperu.com\/index.php?rest_route=\/wp\/v2\/pages\/9108","targetHints":{"allow":["GET"]}}],"collection":[{"href":"https:\/\/creartperu.com\/index.php?rest_route=\/wp\/v2\/pages"}],"about":[{"href":"https:\/\/creartperu.com\/index.php?rest_route=\/wp\/v2\/types\/page"}],"author":[{"embeddable":true,"href":"https:\/\/creartperu.com\/index.php?rest_route=\/wp\/v2\/users\/1"}],"replies":[{"embeddable":true,"href":"https:\/\/creartperu.com\/index.php?rest_route=%2Fwp%2Fv2%2Fcomments&post=9108"}],"version-history":[{"count":13,"href":"https:\/\/creartperu.com\/index.php?rest_route=\/wp\/v2\/pages\/9108\/revisions"}],"predecessor-version":[{"id":9216,"href":"https:\/\/creartperu.com\/index.php?rest_route=\/wp\/v2\/pages\/9108\/revisions\/9216"}],"wp:attachment":[{"href":"https:\/\/creartperu.com\/index.php?rest_route=%2Fwp%2Fv2%2Fmedia&parent=9108"}],"curies":[{"name":"wp","href":"https:\/\/api.w.org\/{rel}","templated":true}]}}